{"id":3210,"date":"2021-01-25T19:28:29","date_gmt":"2021-01-25T18:28:29","guid":{"rendered":"https:\/\/ralf-mezger.com\/?page_id=3210"},"modified":"2023-01-11T16:51:55","modified_gmt":"2023-01-11T15:51:55","slug":"armbaender","status":"publish","type":"page","link":"https:\/\/ralf-mezger.com\/en\/armbaender\/","title":{"rendered":"Bracelets"},"content":{"rendered":"<div data-elementor-type=\"wp-page\" data-elementor-id=\"3210\" class=\"elementor elementor-3210\">\n\t\t\t\t\t\t<section class=\"elementor-section elementor-top-section elementor-element elementor-element-47d1a475 elementor-section-boxed elementor-section-height-default elementor-section-height-default sc_fly_static\" data-id=\"47d1a475\" data-element_type=\"section\" data-e-type=\"section\">\n\t\t\t\t\t\t<div class=\"elementor-container elementor-column-gap-extended\">\n\t\t\t\t\t<div class=\"elementor-column elementor-col-100 elementor-top-column elementor-element elementor-element-60781169 sc_content_align_inherit sc_layouts_column_icons_position_left sc_fly_static\" data-id=\"60781169\" data-element_type=\"column\" data-e-type=\"column\">\n\t\t\t<div class=\"elementor-widget-wrap elementor-element-populated\">\n\t\t\t\t\t\t<div class=\"elementor-element elementor-element-8903779 sc_fly_static elementor-widget elementor-widget-heading\" data-id=\"8903779\" data-element_type=\"widget\" data-e-type=\"widget\" data-widget_type=\"heading.default\">\n\t\t\t\t<div class=\"elementor-widget-container\">\n\t\t\t\t\t<h2 class=\"elementor-heading-title elementor-size-default\">Bracelets<\/h2>\t\t\t\t<\/div>\n\t\t\t\t<\/div>\n\t\t\t\t<div class=\"elementor-element elementor-element-536e509 sc_fly_static elementor-widget elementor-widget-spacer\" data-id=\"536e509\" data-element_type=\"widget\" data-e-type=\"widget\" data-widget_type=\"spacer.default\">\n\t\t\t\t<div class=\"elementor-widget-container\">\n\t\t\t\t\t\t\t<div class=\"elementor-spacer\">\n\t\t\t<div class=\"elementor-spacer-inner\"><\/div>\n\t\t<\/div>\n\t\t\t\t\t\t<\/div>\n\t\t\t\t<\/div>\n\t\t\t\t<div class=\"elementor-element elementor-element-f89a690 elementor-widget-divider--view-line sc_fly_static elementor-widget elementor-widget-divider\" data-id=\"f89a690\" data-element_type=\"widget\" data-e-type=\"widget\" data-widget_type=\"divider.default\">\n\t\t\t\t<div class=\"elementor-widget-container\">\n\t\t\t\t\t\t\t<div class=\"elementor-divider\">\n\t\t\t<span class=\"elementor-divider-separator\">\n\t\t\t\t\t\t<\/span>\n\t\t<\/div>\n\t\t\t\t\t\t<\/div>\n\t\t\t\t<\/div>\n\t\t\t\t<div class=\"elementor-element elementor-element-150efdd7 sc_fly_static elementor-widget elementor-widget-text-editor\" data-id=\"150efdd7\" data-element_type=\"widget\" data-e-type=\"widget\" data-widget_type=\"text-editor.default\">\n\t\t\t\t<div class=\"elementor-widget-container\">\n\t\t\t\t\t\t\t\t\t\n<div class=\"wp-block-columns is-layout-flex wp-container-core-columns-is-layout-9d6595d7 wp-block-columns-is-layout-flex\">\n<div class=\"wp-block-column is-layout-flow wp-block-column-is-layout-flow\" style=\"flex-basis:33.33%\"><\/div>\n\n\n\n<div class=\"wp-block-column is-layout-flow wp-block-column-is-layout-flow\" style=\"flex-basis:66.66%\"><\/div>\n<\/div>\n\t\t\t\t\t\t\t\t<\/div>\n\t\t\t\t<\/div>\n\t\t\t\t\t<\/div>\n\t\t<\/div>\n\t\t\t\t\t<\/div>\n\t\t<\/section>\n\t\t\t\t<section class=\"elementor-section elementor-top-section elementor-element elementor-element-e31823e elementor-section-content-middle elementor-section-boxed elementor-section-height-default elementor-section-height-default sc_fly_static\" data-id=\"e31823e\" data-element_type=\"section\" data-e-type=\"section\">\n\t\t\t\t\t\t<div class=\"elementor-container elementor-column-gap-extended\">\n\t\t\t\t\t<div class=\"elementor-column elementor-col-50 elementor-top-column elementor-element elementor-element-2463a14 sc_content_align_inherit sc_layouts_column_icons_position_left sc_fly_static\" data-id=\"2463a14\" data-element_type=\"column\" data-e-type=\"column\">\n\t\t\t<div class=\"elementor-widget-wrap elementor-element-populated\">\n\t\t\t\t\t\t<div class=\"elementor-element elementor-element-e637bbc sc_fly_static elementor-widget elementor-widget-text-editor\" data-id=\"e637bbc\" data-element_type=\"widget\" data-e-type=\"widget\" data-widget_type=\"text-editor.default\">\n\t\t\t\t<div class=\"elementor-widget-container\">\n\t\t\t\t\t\t\t\t\t<p>Timeless design. Our bracelets are masterpieces in their own right.<\/p>\t\t\t\t\t\t\t\t<\/div>\n\t\t\t\t<\/div>\n\t\t\t\t\t<\/div>\n\t\t<\/div>\n\t\t\t\t<div class=\"elementor-column elementor-col-50 elementor-top-column elementor-element elementor-element-e601384 sc_content_align_inherit sc_layouts_column_icons_position_left sc_fly_static\" data-id=\"e601384\" data-element_type=\"column\" data-e-type=\"column\">\n\t\t\t<div class=\"elementor-widget-wrap elementor-element-populated\">\n\t\t\t\t\t\t<div class=\"elementor-element elementor-element-e7c8ffa sc_fly_static elementor-widget elementor-widget-text-editor\" data-id=\"e7c8ffa\" data-element_type=\"widget\" data-e-type=\"widget\" data-widget_type=\"text-editor.default\">\n\t\t\t\t<div class=\"elementor-widget-container\">\n\t\t\t\t\t\t\t\t\t<p><strong>FUNCTIONALITY AND BEAUTY<\/p>\t\t\t\t\t\t\t\t<\/div>\n\t\t\t\t<\/div>\n\t\t\t\t\t<\/div>\n\t\t<\/div>\n\t\t\t\t\t<\/div>\n\t\t<\/section>\n\t\t\t\t<section class=\"elementor-section elementor-top-section elementor-element elementor-element-30ba55d elementor-section-boxed elementor-section-height-default elementor-section-height-default sc_fly_static\" data-id=\"30ba55d\" data-element_type=\"section\" data-e-type=\"section\">\n\t\t\t\t\t\t<div class=\"elementor-container elementor-column-gap-extended\">\n\t\t\t\t\t<div class=\"elementor-column elementor-col-100 elementor-top-column elementor-element elementor-element-84fbed2 sc_content_align_inherit sc_layouts_column_icons_position_left sc_fly_static\" data-id=\"84fbed2\" data-element_type=\"column\" data-e-type=\"column\">\n\t\t\t<div class=\"elementor-widget-wrap elementor-element-populated\">\n\t\t\t\t\t\t<div class=\"elementor-element elementor-element-a461574 gallery-spacing-custom sc_fly_static elementor-widget elementor-widget-image-gallery\" data-id=\"a461574\" data-element_type=\"widget\" data-e-type=\"widget\" data-widget_type=\"image-gallery.default\">\n\t\t\t\t<div class=\"elementor-widget-container\">\n\t\t\t\t\t\t\t<div class=\"elementor-image-gallery\">\n\t\t\t<div id='gallery-1' class='gallery galleryid-3210 gallery-columns-4 gallery-size-medium_large'><figure class='gallery-item'>\n\t\t\t<div class='gallery-icon landscape'>\n\t\t\t\t<a data-elementor-open-lightbox=\"yes\" data-elementor-lightbox-slideshow=\"a461574\" data-elementor-lightbox-title=\"ralf-mezger-armbaender-07\" data-e-action-hash=\"#elementor-action%3Aaction%3Dlightbox%26settings%3DeyJpZCI6MzIxMiwidXJsIjoiaHR0cHM6XC9cL3JhbGYtbWV6Z2VyLmNvbVwvd3AtY29udGVudFwvdXBsb2Fkc1wvMjAyMVwvMDFcL3JhbGYtbWV6Z2VyLWFybWJhZW5kZXItMDcuanBnIiwic2xpZGVzaG93IjoiYTQ2MTU3NCJ9\" href='https:\/\/ralf-mezger.com\/wp-content\/uploads\/2021\/01\/ralf-mezger-armbaender-07.jpg'><img fetchpriority=\"high\" decoding=\"async\" width=\"663\" height=\"513\" src=\"https:\/\/ralf-mezger.com\/wp-content\/uploads\/2021\/01\/ralf-mezger-armbaender-07.jpg\" class=\"attachment-medium_large size-medium_large\" alt=\"\" srcset=\"https:\/\/ralf-mezger.com\/wp-content\/uploads\/2021\/01\/ralf-mezger-armbaender-07.jpg 663w, https:\/\/ralf-mezger.com\/wp-content\/uploads\/2021\/01\/ralf-mezger-armbaender-07-300x232.jpg 300w, https:\/\/ralf-mezger.com\/wp-content\/uploads\/2021\/01\/ralf-mezger-armbaender-07-16x12.jpg 16w, https:\/\/ralf-mezger.com\/wp-content\/uploads\/2021\/01\/ralf-mezger-armbaender-07-370x286.jpg 370w, https:\/\/ralf-mezger.com\/wp-content\/uploads\/2021\/01\/ralf-mezger-armbaender-07-466x361.jpg 466w, https:\/\/ralf-mezger.com\/wp-content\/uploads\/2021\/01\/ralf-mezger-armbaender-07-570x441.jpg 570w\" sizes=\"(max-width: 663px) 100vw, 663px\" \/><\/a>\n\t\t\t<\/div><\/figure><figure class='gallery-item'>\n\t\t\t<div class='gallery-icon landscape'>\n\t\t\t\t<a data-elementor-open-lightbox=\"yes\" data-elementor-lightbox-slideshow=\"a461574\" data-elementor-lightbox-title=\"ralf-mezger-armbaender-01\" data-e-action-hash=\"#elementor-action%3Aaction%3Dlightbox%26settings%3DeyJpZCI6MzIxMywidXJsIjoiaHR0cHM6XC9cL3JhbGYtbWV6Z2VyLmNvbVwvd3AtY29udGVudFwvdXBsb2Fkc1wvMjAyMVwvMDFcL3JhbGYtbWV6Z2VyLWFybWJhZW5kZXItMDEuanBnIiwic2xpZGVzaG93IjoiYTQ2MTU3NCJ9\" href='https:\/\/ralf-mezger.com\/wp-content\/uploads\/2021\/01\/ralf-mezger-armbaender-01.jpg'><img decoding=\"async\" width=\"663\" height=\"513\" src=\"https:\/\/ralf-mezger.com\/wp-content\/uploads\/2021\/01\/ralf-mezger-armbaender-01.jpg\" class=\"attachment-medium_large size-medium_large\" alt=\"\" srcset=\"https:\/\/ralf-mezger.com\/wp-content\/uploads\/2021\/01\/ralf-mezger-armbaender-01.jpg 663w, https:\/\/ralf-mezger.com\/wp-content\/uploads\/2021\/01\/ralf-mezger-armbaender-01-300x232.jpg 300w, https:\/\/ralf-mezger.com\/wp-content\/uploads\/2021\/01\/ralf-mezger-armbaender-01-16x12.jpg 16w, https:\/\/ralf-mezger.com\/wp-content\/uploads\/2021\/01\/ralf-mezger-armbaender-01-370x286.jpg 370w, https:\/\/ralf-mezger.com\/wp-content\/uploads\/2021\/01\/ralf-mezger-armbaender-01-466x361.jpg 466w, https:\/\/ralf-mezger.com\/wp-content\/uploads\/2021\/01\/ralf-mezger-armbaender-01-570x441.jpg 570w\" sizes=\"(max-width: 663px) 100vw, 663px\" \/><\/a>\n\t\t\t<\/div><\/figure><figure class='gallery-item'>\n\t\t\t<div class='gallery-icon landscape'>\n\t\t\t\t<a data-elementor-open-lightbox=\"yes\" data-elementor-lightbox-slideshow=\"a461574\" data-elementor-lightbox-title=\"ralf-mezger-armbaender-04\" data-e-action-hash=\"#elementor-action%3Aaction%3Dlightbox%26settings%3DeyJpZCI6MzIxNCwidXJsIjoiaHR0cHM6XC9cL3JhbGYtbWV6Z2VyLmNvbVwvd3AtY29udGVudFwvdXBsb2Fkc1wvMjAyMVwvMDFcL3JhbGYtbWV6Z2VyLWFybWJhZW5kZXItMDQuanBnIiwic2xpZGVzaG93IjoiYTQ2MTU3NCJ9\" href='https:\/\/ralf-mezger.com\/wp-content\/uploads\/2021\/01\/ralf-mezger-armbaender-04.jpg'><img decoding=\"async\" width=\"663\" height=\"513\" src=\"https:\/\/ralf-mezger.com\/wp-content\/uploads\/2021\/01\/ralf-mezger-armbaender-04.jpg\" class=\"attachment-medium_large size-medium_large\" alt=\"\" srcset=\"https:\/\/ralf-mezger.com\/wp-content\/uploads\/2021\/01\/ralf-mezger-armbaender-04.jpg 663w, https:\/\/ralf-mezger.com\/wp-content\/uploads\/2021\/01\/ralf-mezger-armbaender-04-300x232.jpg 300w, https:\/\/ralf-mezger.com\/wp-content\/uploads\/2021\/01\/ralf-mezger-armbaender-04-16x12.jpg 16w, https:\/\/ralf-mezger.com\/wp-content\/uploads\/2021\/01\/ralf-mezger-armbaender-04-370x286.jpg 370w, https:\/\/ralf-mezger.com\/wp-content\/uploads\/2021\/01\/ralf-mezger-armbaender-04-466x361.jpg 466w, https:\/\/ralf-mezger.com\/wp-content\/uploads\/2021\/01\/ralf-mezger-armbaender-04-570x441.jpg 570w\" sizes=\"(max-width: 663px) 100vw, 663px\" \/><\/a>\n\t\t\t<\/div><\/figure><figure class='gallery-item'>\n\t\t\t<div class='gallery-icon landscape'>\n\t\t\t\t<a data-elementor-open-lightbox=\"yes\" data-elementor-lightbox-slideshow=\"a461574\" data-elementor-lightbox-title=\"ralf-mezger-armbaender-06\" data-e-action-hash=\"#elementor-action%3Aaction%3Dlightbox%26settings%3DeyJpZCI6MzIxNSwidXJsIjoiaHR0cHM6XC9cL3JhbGYtbWV6Z2VyLmNvbVwvd3AtY29udGVudFwvdXBsb2Fkc1wvMjAyMVwvMDFcL3JhbGYtbWV6Z2VyLWFybWJhZW5kZXItMDYuanBnIiwic2xpZGVzaG93IjoiYTQ2MTU3NCJ9\" href='https:\/\/ralf-mezger.com\/wp-content\/uploads\/2021\/01\/ralf-mezger-armbaender-06.jpg'><img loading=\"lazy\" decoding=\"async\" width=\"663\" height=\"513\" src=\"https:\/\/ralf-mezger.com\/wp-content\/uploads\/2021\/01\/ralf-mezger-armbaender-06.jpg\" class=\"attachment-medium_large size-medium_large\" alt=\"\" srcset=\"https:\/\/ralf-mezger.com\/wp-content\/uploads\/2021\/01\/ralf-mezger-armbaender-06.jpg 663w, https:\/\/ralf-mezger.com\/wp-content\/uploads\/2021\/01\/ralf-mezger-armbaender-06-300x232.jpg 300w, https:\/\/ralf-mezger.com\/wp-content\/uploads\/2021\/01\/ralf-mezger-armbaender-06-16x12.jpg 16w, https:\/\/ralf-mezger.com\/wp-content\/uploads\/2021\/01\/ralf-mezger-armbaender-06-370x286.jpg 370w, https:\/\/ralf-mezger.com\/wp-content\/uploads\/2021\/01\/ralf-mezger-armbaender-06-466x361.jpg 466w, https:\/\/ralf-mezger.com\/wp-content\/uploads\/2021\/01\/ralf-mezger-armbaender-06-570x441.jpg 570w\" sizes=\"(max-width: 663px) 100vw, 663px\" \/><\/a>\n\t\t\t<\/div><\/figure>\n\t\t<\/div>\n\t\t<\/div>\n\t\t\t\t\t\t<\/div>\n\t\t\t\t<\/div>\n\t\t\t\t\t<\/div>\n\t\t<\/div>\n\t\t\t\t\t<\/div>\n\t\t<\/section>\n\t\t\t\t<\/div>","protected":false},"excerpt":{"rendered":"<p>Armb\u00e4nder Zeitloses Design. Unsere Armb\u00e4nder sind eigenst\u00e4ndige Meisterst\u00fccke. FUNKTIONALIT\u00c4T UND SCH\u00d6NHEIT<\/p>","protected":false},"author":1,"featured_media":0,"parent":0,"menu_order":0,"comment_status":"closed","ping_status":"closed","template":"","meta":{"footnotes":""},"class_list":["post-3210","page","type-page","status-publish","hentry"],"_links":{"self":[{"href":"https:\/\/ralf-mezger.com\/en\/wp-json\/wp\/v2\/pages\/3210","targetHints":{"allow":["GET"]}}],"collection":[{"href":"https:\/\/ralf-mezger.com\/en\/wp-json\/wp\/v2\/pages"}],"about":[{"href":"https:\/\/ralf-mezger.com\/en\/wp-json\/wp\/v2\/types\/page"}],"author":[{"embeddable":true,"href":"https:\/\/ralf-mezger.com\/en\/wp-json\/wp\/v2\/users\/1"}],"replies":[{"embeddable":true,"href":"https:\/\/ralf-mezger.com\/en\/wp-json\/wp\/v2\/comments?post=3210"}],"version-history":[{"count":11,"href":"https:\/\/ralf-mezger.com\/en\/wp-json\/wp\/v2\/pages\/3210\/revisions"}],"predecessor-version":[{"id":4316,"href":"https:\/\/ralf-mezger.com\/en\/wp-json\/wp\/v2\/pages\/3210\/revisions\/4316"}],"wp:attachment":[{"href":"https:\/\/ralf-mezger.com\/en\/wp-json\/wp\/v2\/media?parent=3210"}],"curies":[{"name":"wp","href":"https:\/\/api.w.org\/{rel}","templated":true}]}}