{"id":3364,"date":"2021-01-27T17:59:56","date_gmt":"2021-01-27T16:59:56","guid":{"rendered":"https:\/\/ralf-mezger.com\/?page_id=3364"},"modified":"2021-02-02T20:36:09","modified_gmt":"2021-02-02T19:36:09","slug":"uber-ralf-mezger","status":"publish","type":"page","link":"https:\/\/ralf-mezger.com\/de\/uber-ralf-mezger\/","title":{"rendered":"\u00dcber Ralf Mezger Collection"},"content":{"rendered":"\t\t<div data-elementor-type=\"wp-page\" data-elementor-id=\"3364\" class=\"elementor elementor-3364\">\n\t\t\t\t\t\t<section class=\"elementor-section elementor-top-section elementor-element elementor-element-3ec3347 elementor-section-boxed elementor-section-height-default elementor-section-height-default sc_fly_static\" data-id=\"3ec3347\" data-element_type=\"section\" data-e-type=\"section\">\n\t\t\t\t\t\t<div class=\"elementor-container elementor-column-gap-extended\">\n\t\t\t\t\t<div class=\"elementor-column elementor-col-100 elementor-top-column elementor-element elementor-element-0b8f2b2 sc_content_align_inherit sc_layouts_column_icons_position_left sc_fly_static\" data-id=\"0b8f2b2\" data-element_type=\"column\" data-e-type=\"column\">\n\t\t\t<div class=\"elementor-widget-wrap elementor-element-populated\">\n\t\t\t\t\t\t<section class=\"elementor-section elementor-inner-section elementor-element elementor-element-534456c elementor-section-boxed elementor-section-height-default elementor-section-height-default sc_fly_static\" data-id=\"534456c\" data-element_type=\"section\" data-e-type=\"section\">\n\t\t\t\t\t\t<div class=\"elementor-container elementor-column-gap-extended\">\n\t\t\t\t\t<div class=\"elementor-column elementor-col-50 elementor-inner-column elementor-element elementor-element-07e886b sc_content_align_inherit sc_layouts_column_icons_position_left sc_fly_static\" data-id=\"07e886b\" data-element_type=\"column\" data-e-type=\"column\">\n\t\t\t<div class=\"elementor-widget-wrap elementor-element-populated\">\n\t\t\t\t\t\t<div class=\"elementor-element elementor-element-6862b95 sc_fly_static elementor-widget elementor-widget-image\" data-id=\"6862b95\" data-element_type=\"widget\" data-e-type=\"widget\" data-widget_type=\"image.default\">\n\t\t\t\t<div class=\"elementor-widget-container\">\n\t\t\t\t\t\t\t\t\t\t\t\t\t\t\t<img fetchpriority=\"high\" decoding=\"async\" width=\"1200\" height=\"800\" src=\"https:\/\/ralf-mezger.com\/wp-content\/uploads\/2021\/02\/ralf-mezger-team-portrait-querformat-farbig.png\" class=\"attachment-full size-full wp-image-3387\" alt=\"\" srcset=\"https:\/\/ralf-mezger.com\/wp-content\/uploads\/2021\/02\/ralf-mezger-team-portrait-querformat-farbig.png 1200w, https:\/\/ralf-mezger.com\/wp-content\/uploads\/2021\/02\/ralf-mezger-team-portrait-querformat-farbig-300x200.png 300w, https:\/\/ralf-mezger.com\/wp-content\/uploads\/2021\/02\/ralf-mezger-team-portrait-querformat-farbig-1024x683.png 1024w, https:\/\/ralf-mezger.com\/wp-content\/uploads\/2021\/02\/ralf-mezger-team-portrait-querformat-farbig-768x512.png 768w, https:\/\/ralf-mezger.com\/wp-content\/uploads\/2021\/02\/ralf-mezger-team-portrait-querformat-farbig-16x12.png 16w, https:\/\/ralf-mezger.com\/wp-content\/uploads\/2021\/02\/ralf-mezger-team-portrait-querformat-farbig-370x247.png 370w, https:\/\/ralf-mezger.com\/wp-content\/uploads\/2021\/02\/ralf-mezger-team-portrait-querformat-farbig-760x507.png 760w, https:\/\/ralf-mezger.com\/wp-content\/uploads\/2021\/02\/ralf-mezger-team-portrait-querformat-farbig-466x311.png 466w\" sizes=\"(max-width: 1200px) 100vw, 1200px\" \/>\t\t\t\t\t\t\t\t\t\t\t\t\t\t\t<\/div>\n\t\t\t\t<\/div>\n\t\t\t\t\t<\/div>\n\t\t<\/div>\n\t\t\t\t<div class=\"elementor-column elementor-col-50 elementor-inner-column elementor-element elementor-element-9dc2a79 sc_content_align_inherit sc_layouts_column_icons_position_left sc_fly_static\" data-id=\"9dc2a79\" data-element_type=\"column\" data-e-type=\"column\">\n\t\t\t<div class=\"elementor-widget-wrap elementor-element-populated\">\n\t\t\t\t\t\t<div class=\"elementor-element elementor-element-92b20a8 sc_fly_static elementor-widget elementor-widget-spacer\" data-id=\"92b20a8\" data-element_type=\"widget\" data-e-type=\"widget\" data-widget_type=\"spacer.default\">\n\t\t\t\t<div class=\"elementor-widget-container\">\n\t\t\t\t\t\t\t<div class=\"elementor-spacer\">\n\t\t\t<div class=\"elementor-spacer-inner\"><\/div>\n\t\t<\/div>\n\t\t\t\t\t\t<\/div>\n\t\t\t\t<\/div>\n\t\t\t\t<div class=\"elementor-element elementor-element-7b95539 sc_fly_static elementor-widget elementor-widget-heading\" data-id=\"7b95539\" data-element_type=\"widget\" data-e-type=\"widget\" data-widget_type=\"heading.default\">\n\t\t\t\t<div class=\"elementor-widget-container\">\n\t\t\t\t\t<h2 class=\"elementor-heading-title elementor-size-default\">Qualit\u00e4t ist das Resultat aus Erfahrung<\/h2>\t\t\t\t<\/div>\n\t\t\t\t<\/div>\n\t\t\t\t<div class=\"elementor-element elementor-element-73b9585 sc_fly_static elementor-widget elementor-widget-spacer\" data-id=\"73b9585\" data-element_type=\"widget\" data-e-type=\"widget\" data-widget_type=\"spacer.default\">\n\t\t\t\t<div class=\"elementor-widget-container\">\n\t\t\t\t\t\t\t<div class=\"elementor-spacer\">\n\t\t\t<div class=\"elementor-spacer-inner\"><\/div>\n\t\t<\/div>\n\t\t\t\t\t\t<\/div>\n\t\t\t\t<\/div>\n\t\t\t\t<div class=\"elementor-element elementor-element-919ab7c sc_fly_static elementor-widget elementor-widget-text-editor\" data-id=\"919ab7c\" data-element_type=\"widget\" data-e-type=\"widget\" data-widget_type=\"text-editor.default\">\n\t\t\t\t<div class=\"elementor-widget-container\">\n\t\t\t\t\t\t\t\t\t<p class=\"justify_paragraph\">Mit mehr als 20 Jahren Erfahrung kreieren wir, in allen Legierungen, edelsten Gold- und Silberschmuck f\u00fcr anspruchsvolle Tr\u00e4gerinnen. In langer Familientradition ist das Gesp\u00fcr f\u00fcr Trends und Design Philosophie. Unsere Designer arbeiten st\u00e4ndig an neuen Perspektiven, nehmen Str\u00f6mungen auf und setzen diese dann anspruchsvoll in unseren Kollektionen um.<\/p><p class=\"justify_paragraph\">Der Zeit immer einen kleinen Schritt voraus zu sein ist f\u00fcr uns der feine Unterschied. Dies und gr\u00f6\u00dftes Augenmerk auf Qualit\u00e4t ist unser Anspruch und Antrieb.<\/p>\t\t\t\t\t\t\t\t<\/div>\n\t\t\t\t<\/div>\n\t\t\t\t\t<\/div>\n\t\t<\/div>\n\t\t\t\t\t<\/div>\n\t\t<\/section>\n\t\t\t\t\t<\/div>\n\t\t<\/div>\n\t\t\t\t\t<\/div>\n\t\t<\/section>\n\t\t\t\t<section class=\"elementor-section elementor-top-section elementor-element elementor-element-d88b8ca elementor-section-boxed elementor-section-height-default elementor-section-height-default sc_fly_static\" data-id=\"d88b8ca\" data-element_type=\"section\" data-e-type=\"section\">\n\t\t\t\t\t\t<div class=\"elementor-container elementor-column-gap-extended\">\n\t\t\t\t\t<div class=\"elementor-column elementor-col-100 elementor-top-column elementor-element elementor-element-28497ec sc_content_align_inherit sc_layouts_column_icons_position_left sc_fly_static\" data-id=\"28497ec\" data-element_type=\"column\" data-e-type=\"column\">\n\t\t\t<div class=\"elementor-widget-wrap elementor-element-populated\">\n\t\t\t\t\t\t<div class=\"elementor-element elementor-element-11cf21c elementor-widget-divider--view-line sc_fly_static elementor-widget elementor-widget-divider\" data-id=\"11cf21c\" data-element_type=\"widget\" data-e-type=\"widget\" data-widget_type=\"divider.default\">\n\t\t\t\t<div class=\"elementor-widget-container\">\n\t\t\t\t\t\t\t<div class=\"elementor-divider\">\n\t\t\t<span class=\"elementor-divider-separator\">\n\t\t\t\t\t\t<\/span>\n\t\t<\/div>\n\t\t\t\t\t\t<\/div>\n\t\t\t\t<\/div>\n\t\t\t\t<div class=\"elementor-element elementor-element-a18b124 sc_fly_static elementor-widget elementor-widget-spacer\" data-id=\"a18b124\" data-element_type=\"widget\" data-e-type=\"widget\" data-widget_type=\"spacer.default\">\n\t\t\t\t<div class=\"elementor-widget-container\">\n\t\t\t\t\t\t\t<div class=\"elementor-spacer\">\n\t\t\t<div class=\"elementor-spacer-inner\"><\/div>\n\t\t<\/div>\n\t\t\t\t\t\t<\/div>\n\t\t\t\t<\/div>\n\t\t\t\t<div class=\"elementor-element elementor-element-40108f5 sc_fly_static elementor-widget elementor-widget-heading\" data-id=\"40108f5\" data-element_type=\"widget\" data-e-type=\"widget\" data-widget_type=\"heading.default\">\n\t\t\t\t<div class=\"elementor-widget-container\">\n\t\t\t\t\t<h3 class=\"elementor-heading-title elementor-size-default\">\"ERFAHRUNG, DESIGN, QUALIT\u00c4T - DER FEINE UNTERSCHIED\"<\/h3>\t\t\t\t<\/div>\n\t\t\t\t<\/div>\n\t\t\t\t<div class=\"elementor-element elementor-element-74d56a2 sc_fly_static elementor-widget elementor-widget-spacer\" data-id=\"74d56a2\" data-element_type=\"widget\" data-e-type=\"widget\" data-widget_type=\"spacer.default\">\n\t\t\t\t<div class=\"elementor-widget-container\">\n\t\t\t\t\t\t\t<div class=\"elementor-spacer\">\n\t\t\t<div class=\"elementor-spacer-inner\"><\/div>\n\t\t<\/div>\n\t\t\t\t\t\t<\/div>\n\t\t\t\t<\/div>\n\t\t\t\t<div class=\"elementor-element elementor-element-c92a4a4 sc_fly_static elementor-widget elementor-widget-trx_sc_button\" data-id=\"c92a4a4\" data-element_type=\"widget\" data-e-type=\"widget\" data-widget_type=\"trx_sc_button.default\">\n\t\t\t\t<div class=\"elementor-widget-container\">\n\t\t\t\t\t<div\tclass=\"sc_item_button sc_button_wrap sc_align_center\"><a href=\"\/contacts\/\" class=\"sc_button sc_button_default sc_button_size_normal sc_button_icon_left\"><span class=\"sc_button_text\"><span class=\"sc_button_title\">Kontakt<\/span><\/span><\/a><\/div>\t\t\t\t<\/div>\n\t\t\t\t<\/div>\n\t\t\t\t\t<\/div>\n\t\t<\/div>\n\t\t\t\t\t<\/div>\n\t\t<\/section>\n\t\t\t\t<\/div>\n\t\t","protected":false},"excerpt":{"rendered":"<p>Qualit\u00e4t ist das Resultat aus Erfahrung Mit mehr als 20 Jahren Erfahrung kreieren wir, in allen Legierungen, edelsten Gold- und Silberschmuck f\u00fcr anspruchsvolle Tr\u00e4gerinnen. In langer Familientradition ist das Gesp\u00fcr f\u00fcr Trends und Design Philosophie. Unsere Designer arbeiten st\u00e4ndig an neuen Perspektiven, nehmen Str\u00f6mungen auf und setzen diese dann anspruchsvoll in unseren Kollektionen um. Der&hellip;<\/p>\n","protected":false},"author":1,"featured_media":0,"parent":0,"menu_order":0,"comment_status":"closed","ping_status":"closed","template":"","meta":{"footnotes":""},"class_list":["post-3364","page","type-page","status-publish","hentry"],"_links":{"self":[{"href":"https:\/\/ralf-mezger.com\/de\/wp-json\/wp\/v2\/pages\/3364","targetHints":{"allow":["GET"]}}],"collection":[{"href":"https:\/\/ralf-mezger.com\/de\/wp-json\/wp\/v2\/pages"}],"about":[{"href":"https:\/\/ralf-mezger.com\/de\/wp-json\/wp\/v2\/types\/page"}],"author":[{"embeddable":true,"href":"https:\/\/ralf-mezger.com\/de\/wp-json\/wp\/v2\/users\/1"}],"replies":[{"embeddable":true,"href":"https:\/\/ralf-mezger.com\/de\/wp-json\/wp\/v2\/comments?post=3364"}],"version-history":[{"count":14,"href":"https:\/\/ralf-mezger.com\/de\/wp-json\/wp\/v2\/pages\/3364\/revisions"}],"predecessor-version":[{"id":3388,"href":"https:\/\/ralf-mezger.com\/de\/wp-json\/wp\/v2\/pages\/3364\/revisions\/3388"}],"wp:attachment":[{"href":"https:\/\/ralf-mezger.com\/de\/wp-json\/wp\/v2\/media?parent=3364"}],"curies":[{"name":"wp","href":"https:\/\/api.w.org\/{rel}","templated":true}]}}